{"id":1089,"date":"2015-02-20T20:12:00","date_gmt":"2015-02-20T20:12:00","guid":{"rendered":"http:\/\/theme-fusion.com\/avada_demos\/law\/?page_id=8"},"modified":"2016-04-05T17:09:55","modified_gmt":"2016-04-05T16:09:55","slug":"home","status":"publish","type":"page","link":"https:\/\/www.obviates-consulting.com\/","title":{"rendered":"Home"},"content":{"rendered":"<div class=\"fusion-fullwidth fullwidth-box fusion-fullwidth-1  fusion-parallax-none nonhundred-percent-fullwidth\" style=\"border-color:#eae9e9;border-bottom-width: 0px;border-top-width: 0px;border-bottom-style: solid;border-top-style: solid;padding-bottom:90px;padding-top:110px;padding-left:0px;padding-right:0px;background-color:#f5f5f5;\"><style type=\"text\/css\" scoped=\"scoped\">.fusion-fullwidth-1 {\n                            padding-left: 0px !important;\n                            padding-right: 0px !important;\n                        }<\/style><div class=\"fusion-row\"><div class=\"fusion-sep-clear\"><\/div><div class=\"fusion-separator fusion-full-width-sep sep-single\" style=\"border-color:#4f7c9d;border-top-width:5px;margin-left: auto;margin-right: auto;margin-top:0px;\"><\/div><div class=\"fusion-one-half fusion-layout-column fusion-spacing-no green-border\" style=\"margin-top:0px;margin-bottom:20px;\"><div class=\"fusion-column-wrapper\" style=\"background-color:#ffffff;border:1px solid #e2e2e2;padding:40px 50px 60px;\"><h2 style=\"text-align: center;\">Conseil\u00a0Entreprise<\/h2>\n<div class=\"row\">\n<div class=\"col-md-10\">\n<h3 style=\"text-align: left;\"><span class=\"voussouhaitez\" style=\"color: #9d9d9c;\">VOUS SOUHAITEZ :<\/span><\/h3>\n<p><span class=\"pucescarrees\">\u25a0<\/span> Perfectionner votre d\u00e9marche Fast-Close.<br \/>\n<span class=\"pucescarrees\">\u25a0<\/span> Am\u00e9liorer le pilotage de votre information financi\u00e8re.<br \/>\n<span class=\"pucescarrees\">\u25a0<\/span> Fiabiliser vos arr\u00eat\u00e9s p\u00e9riodiques.<\/p>\n<\/div>\n<div class=\"col-md-2\"><\/div>\n<\/div>\n<div class=\"row\">\n<div class=\"col-md-2\"><\/div>\n<div class=\"col-md-10\">\n<h3 style=\"text-align: left;\"><span class=\"nousproposons\"><span style=\"color: #4f7c9d;\">NOUS \u00a0PROPOSONS<\/span> :<\/span><\/h3>\n<p style=\"text-align: left;\">\u25a0 Une \u00e9tude de l\u2019organisation administrative et informatique.<br \/>\n\u25a0 Un diagnostic des travaux de cl\u00f4tures.<br \/>\n\u25a0 Une mise en place d\u2019outils personnalis\u00e9s.<br \/>\n\u25a0 Une formation et un suivi de vos \u00e9quipes.<\/p>\n<\/div>\n<\/div>\n<div class=\"fusion-sep-clear\"><\/div><div class=\"fusion-separator fusion-full-width-sep sep-none\" style=\"border-color:#e0dede;margin-left: auto;margin-right: auto;margin-top:10px;\"><\/div><div class=\"fusion-clearfix\"><\/div><\/div><\/div><div class=\"fusion-one-half fusion-layout-column fusion-column-last fusion-spacing-no green-border no-side-borders\" style=\"margin-top:0px;margin-bottom:20px;\"><div class=\"fusion-column-wrapper\" style=\"background-color:#ffffff;border:1px solid #e2e2e2;padding:40px 50px 60px;\"><h2 style=\"text-align: center;\">Conseil Cabinet<\/h2>\n<div class=\"row\">\n<div class=\"col-md-10\">\n<h3 style=\"text-align: left;\"><span class=\"voussouhaitez\" style=\"color: #9d9d9c;\">VOUS SOUHAITEZ :<\/span><\/h3>\n<p style=\"text-align: left;\"><span class=\"pucescarrees\">\u25a0<\/span> Formaliser rapidement votre d\u00e9marche d\u2019audit.<br \/>\n<span class=\"pucescarrees\">\u25a0<\/span> Am\u00e9liorer la conformit\u00e9 de vos dossiers.<\/p>\n<\/div>\n<div class=\"col-md-2\"><\/div>\n<\/div>\n<div class=\"row\">\n<div class=\"col-md-2\"><\/div>\n<div class=\"col-md-10\">\n<h3 style=\"text-align: left;\"><span class=\"nousproposons\" style=\"color: #4f7c9d;\">NOUS PROPOSONS\u00a0:<\/span><\/h3>\n<p style=\"text-align: left;\">\u25a0 La mise en place optimis\u00e9e d\u2019un de vos dossiers.<br \/>\n\u25a0 Un \u00e9change de bonnes pratiques.<br \/>\n\u25a0 Un accompagnement personnalis\u00e9.<br \/>\n\u25a0 Une analyse de vos proc\u00e9dures internes.<br \/>\n\u25a0 Une revue de vos dossiers.<br \/>\n\u25a0 Un compte rendu des axes d\u2019am\u00e9lioration.<\/p>\n<\/div>\n<\/div>\n<div class=\"fusion-sep-clear\"><\/div><div class=\"fusion-separator fusion-full-width-sep sep-none\" style=\"border-color:#e0dede;margin-left: auto;margin-right: auto;margin-top:10px;\"><\/div><div class=\"fusion-clearfix\"><\/div><\/div><\/div><div class=\"fusion-clearfix\"><\/div><\/div><\/div><div class=\"fusion-fullwidth fullwidth-box fusion-fullwidth-2  fusion-parallax-none nonhundred-percent-fullwidth fusion-equal-height-columns\" style=\"border-color:#eae9e9;border-bottom-width: 0px;border-top-width: 0px;border-bottom-style: solid;border-top-style: solid;padding-bottom:35px;padding-top:75px;padding-left:0px;padding-right:0px;background-color:#4f7c9d;\"><style type=\"text\/css\" scoped=\"scoped\">.fusion-fullwidth-2 {\n                            padding-left: 0px !important;\n                            padding-right: 0px !important;\n                        }<\/style><div class=\"fusion-row\"><div class=\"fusion-three-fourth fusion-layout-column fusion-spacing-yes\" style=\"margin-top:0px;margin-bottom:20px;\"><div class=\"fusion-column-wrapper\"><div class=\"fusion-sep-clear\"><\/div><div class=\"fusion-separator fusion-full-width-sep sep-none\" style=\"border-color:#e0dede;margin-left: auto;margin-right: auto;margin-top:10px;\"><\/div><h2 style=\"text-align: center;\"><span style=\"color: #ffffff;\">Un partenaire sp\u00e9cialis\u00e9 en logiciel d&rsquo;audit et r\u00e9vision des comptes<\/span><\/h2>\n<div class=\"fusion-clearfix\"><\/div><\/div><\/div><div class=\"fusion-one-fourth fusion-layout-column fusion-column-last fusion-spacing-yes\" style=\"margin-top:0px;margin-bottom:20px;\"><div class=\"fusion-column-wrapper\"><span class=\"fusion-imageframe imageframe-none imageframe-1 hover-type-none\"> <img src=\"http:\/\/obviates-consulting.com\/wp-content\/uploads\/2015\/02\/logo.png\" alt=\"\" class=\"img-responsive\"\/><\/span><div class=\"fusion-clearfix\"><\/div><\/div><\/div><div class=\"fusion-clearfix\"><\/div><\/div><\/div><div class=\"fusion-fullwidth fullwidth-box fusion-fullwidth-3  fusion-parallax-fixed nonhundred-percent-fullwidth\" style=\"border-color:#eae9e9;border-bottom-width: 0px;border-top-width: 0px;border-bottom-style: solid;border-top-style: solid;padding-bottom:130px;padding-top:130px;padding-left:0px;padding-right:0px;background-attachment:fixed;background-position:center center;background-repeat:no-repeat;-webkit-background-size:cover;-moz-background-size:cover;-o-background-size:cover;background-size:cover;-ms-filter: &quot;progid:DXImageTransform.Microsoft.AlphaImageLoader(src=&#039;http:\/\/obviates-consulting.com\/wp-content\/uploads\/2015\/02\/where-we-work-parallax.jpg&#039;, sizingMethod=&#039;scale&#039;)&quot;;background-image: url(http:\/\/obviates-consulting.com\/wp-content\/uploads\/2015\/02\/where-we-work-parallax.jpg);\"><style type=\"text\/css\" scoped=\"scoped\">.fusion-fullwidth-3 {\n                            padding-left: 0px !important;\n                            padding-right: 0px !important;\n                        }<\/style><div class=\"fusion-row\"><h2 style=\"text-align: center;\"><span style=\"color: #ffffff;\">Nous contacter<\/span><\/h2>\n<div class=\"fusion-sep-clear\"><\/div><div class=\"fusion-separator sep-single\" style=\"border-color:#444c56;border-top-width:1px;margin-left: auto;margin-right: auto;margin-top:15px;margin-bottom:65px;width:100%;max-width:170px;\"><\/div><div class=\"fusion-one-half fusion-layout-column fusion-spacing-yes\" style=\"margin-top:0px;margin-bottom:20px;\"><div class=\"fusion-column-wrapper\" style=\"border:0px solid transparent;\">\t\t\t<script type=\"text\/javascript\">\n\t\t\t\tvar map_fusion_map_69f5d97963337;\n\t\t\t\tvar markers = [];\n\t\t\t\tvar counter = 0;\n\t\t\t\tfunction fusion_run_map_fusion_map_69f5d97963337() {\n\t\t\t\t\tjQuery('#fusion_map_69f5d97963337').fusion_maps({\n\t\t\t\t\t\taddresses: [{\"address\":\"12 Cit\\u00e9 Falgui\\u00e8re, 75015 PARIS\",\"infobox_content\":\"12 Cit\\u00e9 Falgui\\u00e8re, 75015 PARIS\",\"marker\":\"https:\\\/\\\/www.obviates-consulting.com\\\/wp-content\\\/plugins\\\/fusion-core\\\/images\\\/avada_map_marker.png\",\"coordinates\":false,\"cache\":true,\"latitude\":\"48.8407387\",\"longitude\":\"2.312147999999979\"}],\n\t\t\t\t\t\tanimations: true,\n\t\t\t\t\t\tinfobox_background_color: 'rgba(84, 159, 151, 0.8)',\n\t\t\t\t\t\tinfobox_styling: 'custom',\n\t\t\t\t\t\tinfobox_text_color: '#747474',\n\t\t\t\t\t\tmap_style: 'custom',\n\t\t\t\t\t\tmap_type: 'roadmap',\n\t\t\t\t\t\tmarker_icon: 'theme',\n\t\t\t\t\t\toverlay_color: '#549f97',\n\t\t\t\t\t\toverlay_color_hsl: {\"hue\":123,\"sat\":31,\"lum\":48},\n\t\t\t\t\t\tpan_control: false,\n\t\t\t\t\t\tshow_address: false,\n\t\t\t\t\t\tscale_control: false,\n\t\t\t\t\t\tscrollwheel: false,\n\t\t\t\t\t\tzoom: 14,\n\t\t\t\t\t\tzoom_control: false,\n\t\t\t\t\t});\n\t\t\t\t}\n\n\t\t\t\tgoogle.maps.event.addDomListener(window, 'load', fusion_run_map_fusion_map_69f5d97963337);\n\t\t\t<\/script>\n\t\t\t<div class=\"shortcode-map fusion-google-map\" id=\"fusion_map_69f5d97963337\" style=\"height:300px;width:100%;\"><\/div><div class=\"fusion-clearfix\"><\/div><\/div><\/div><div class=\"fusion-one-half fusion-layout-column fusion-column-last fusion-spacing-yes\" style=\"margin-top:0px;margin-bottom:20px;\"><div class=\"fusion-column-wrapper\" style=\"border:0px solid transparent;\"><h3 class=\"numerocontact\"><span style=\"color: #ffffff;\">Obiviates Consulting<\/span><\/h3>\n<p class=\"numerocontact\"><span style=\"color: #ffffff;\">01 75 433 432<\/span><\/p>\n<p class=\"adressecontact\"><span style=\"color: #ffffff;\">12 Cit\u00e9 Falgui\u00e8re<\/span><br \/>\n<span style=\"color: #ffffff;\">75015 PARIS<\/span><\/p>\n<div class=\"fusion-clearfix\"><\/div><\/div><\/div><div class=\"fusion-clearfix\"><\/div><\/div><\/div>\n","protected":false},"excerpt":{"rendered":"","protected":false},"author":1,"featured_media":0,"parent":0,"menu_order":0,"comment_status":"open","ping_status":"open","template":"100-width.php","meta":[],"_links":{"self":[{"href":"https:\/\/www.obviates-consulting.com\/index.php\/wp-json\/wp\/v2\/pages\/1089"}],"collection":[{"href":"https:\/\/www.obviates-consulting.com\/index.php\/wp-json\/wp\/v2\/pages"}],"about":[{"href":"https:\/\/www.obviates-consulting.com\/index.php\/wp-json\/wp\/v2\/types\/page"}],"author":[{"embeddable":true,"href":"https:\/\/www.obviates-consulting.com\/index.php\/wp-json\/wp\/v2\/users\/1"}],"replies":[{"embeddable":true,"href":"https:\/\/www.obviates-consulting.com\/index.php\/wp-json\/wp\/v2\/comments?post=1089"}],"version-history":[{"count":4,"href":"https:\/\/www.obviates-consulting.com\/index.php\/wp-json\/wp\/v2\/pages\/1089\/revisions"}],"predecessor-version":[{"id":1111,"href":"https:\/\/www.obviates-consulting.com\/index.php\/wp-json\/wp\/v2\/pages\/1089\/revisions\/1111"}],"wp:attachment":[{"href":"https:\/\/www.obviates-consulting.com\/index.php\/wp-json\/wp\/v2\/media?parent=1089"}],"curies":[{"name":"wp","href":"https:\/\/api.w.org\/{rel}","templated":true}]}}